{"id":2255,"date":"2017-06-06T16:52:52","date_gmt":"2017-06-06T14:52:52","guid":{"rendered":"http:\/\/media5.ch\/ogs\/?page_id=2255"},"modified":"2025-12-01T20:39:45","modified_gmt":"2025-12-01T19:39:45","slug":"verwaltung","status":"publish","type":"page","link":"https:\/\/og-schmitter.ch\/page\/verwaltung\/","title":{"rendered":"Verwaltung"},"content":{"rendered":"<p><img loading=\"lazy\" decoding=\"async\" class=\"size-medium wp-image-5539 alignnone\" src=\"https:\/\/og-schmitter.ch\/page\/wp-content\/uploads\/2025\/12\/OG-Rat-2025-2-300x200.jpg\" alt=\"\" width=\"300\" height=\"200\" srcset=\"https:\/\/og-schmitter.ch\/page\/wp-content\/uploads\/2025\/12\/OG-Rat-2025-2-300x200.jpg 300w, https:\/\/og-schmitter.ch\/page\/wp-content\/uploads\/2025\/12\/OG-Rat-2025-2-1024x683.jpg 1024w, https:\/\/og-schmitter.ch\/page\/wp-content\/uploads\/2025\/12\/OG-Rat-2025-2-768x512.jpg 768w, https:\/\/og-schmitter.ch\/page\/wp-content\/uploads\/2025\/12\/OG-Rat-2025-2-1536x1024.jpg 1536w, https:\/\/og-schmitter.ch\/page\/wp-content\/uploads\/2025\/12\/OG-Rat-2025-2-2048x1365.jpg 2048w, https:\/\/og-schmitter.ch\/page\/wp-content\/uploads\/2025\/12\/OG-Rat-2025-2-618x412.jpg 618w, https:\/\/og-schmitter.ch\/page\/wp-content\/uploads\/2025\/12\/OG-Rat-2025-2-444x296.jpg 444w, https:\/\/og-schmitter.ch\/page\/wp-content\/uploads\/2025\/12\/OG-Rat-2025-2-1800x1200.jpg 1800w\" sizes=\"auto, (max-width: 300px) 100vw, 300px\" \/><\/p>\n<hr \/>\n<h3>Ortsverwaltungsrat<\/h3>\n<div class='content-column one_half'><p><img loading=\"lazy\" decoding=\"async\" class=\"alignnone size-medium wp-image-5527\" src=\"https:\/\/og-schmitter.ch\/page\/wp-content\/uploads\/2025\/12\/Bruno-Spirig-2025-200x300.jpg\" alt=\"\" width=\"200\" height=\"300\" srcset=\"https:\/\/og-schmitter.ch\/page\/wp-content\/uploads\/2025\/12\/Bruno-Spirig-2025-200x300.jpg 200w, https:\/\/og-schmitter.ch\/page\/wp-content\/uploads\/2025\/12\/Bruno-Spirig-2025-683x1024.jpg 683w, https:\/\/og-schmitter.ch\/page\/wp-content\/uploads\/2025\/12\/Bruno-Spirig-2025-768x1152.jpg 768w, https:\/\/og-schmitter.ch\/page\/wp-content\/uploads\/2025\/12\/Bruno-Spirig-2025-618x927.jpg 618w, https:\/\/og-schmitter.ch\/page\/wp-content\/uploads\/2025\/12\/Bruno-Spirig-2025-296x444.jpg 296w, https:\/\/og-schmitter.ch\/page\/wp-content\/uploads\/2025\/12\/Bruno-Spirig-2025-800x1200.jpg 800w, https:\/\/og-schmitter.ch\/page\/wp-content\/uploads\/2025\/12\/Bruno-Spirig-2025.jpg 1000w\" sizes=\"auto, (max-width: 200px) 100vw, 200px\" \/><br \/>\n<strong>Ortspr\u00e4sident:<br \/>\n<\/strong>Bruno Spirig<br \/>\n<img loading=\"lazy\" decoding=\"async\" class=\"alignnone size-full wp-image-2787\" src=\"https:\/\/og-schmitter.ch\/page\/wp-content\/uploads\/2017\/06\/Icon_Mail.png\" alt=\"\" width=\"18\" height=\"11\" \/>\u00a0<a href=\"mailto:praesident@og-schmitter.ch\">praesident@og-schmitter.ch<\/a><\/p><\/div>\n<div class='content-column one_half last_column'><p><img loading=\"lazy\" decoding=\"async\" class=\"alignnone size-medium wp-image-5528\" src=\"https:\/\/og-schmitter.ch\/page\/wp-content\/uploads\/2025\/12\/Ignaz-Benz-2025-200x300.jpg\" alt=\"\" width=\"200\" height=\"300\" srcset=\"https:\/\/og-schmitter.ch\/page\/wp-content\/uploads\/2025\/12\/Ignaz-Benz-2025-200x300.jpg 200w, https:\/\/og-schmitter.ch\/page\/wp-content\/uploads\/2025\/12\/Ignaz-Benz-2025-682x1024.jpg 682w, https:\/\/og-schmitter.ch\/page\/wp-content\/uploads\/2025\/12\/Ignaz-Benz-2025-768x1153.jpg 768w, https:\/\/og-schmitter.ch\/page\/wp-content\/uploads\/2025\/12\/Ignaz-Benz-2025-618x928.jpg 618w, https:\/\/og-schmitter.ch\/page\/wp-content\/uploads\/2025\/12\/Ignaz-Benz-2025-296x444.jpg 296w, https:\/\/og-schmitter.ch\/page\/wp-content\/uploads\/2025\/12\/Ignaz-Benz-2025-799x1200.jpg 799w, https:\/\/og-schmitter.ch\/page\/wp-content\/uploads\/2025\/12\/Ignaz-Benz-2025.jpg 999w\" sizes=\"auto, (max-width: 200px) 100vw, 200px\" \/><br \/>\n<strong>Vizepr\u00e4sident:<br \/>\n<\/strong>Ignaz Benz-Spirig<br \/>\n<img loading=\"lazy\" decoding=\"async\" class=\"alignnone size-full wp-image-2787\" src=\"https:\/\/og-schmitter.ch\/page\/wp-content\/uploads\/2017\/06\/Icon_Mail.png\" alt=\"\" width=\"18\" height=\"11\" \/>\u00a0<a href=\"mailto:pflanzgaerten@og-schmitter.ch\">pflanzgaerten@og-schmitter.ch<\/a><\/p><\/div><div class='clear_column'><\/div>\n<hr \/>\n<div class='content-column one_half'><p><img loading=\"lazy\" decoding=\"async\" class=\"alignnone size-medium wp-image-5529\" src=\"https:\/\/og-schmitter.ch\/page\/wp-content\/uploads\/2025\/12\/Fredi-Spirig-2025-200x300.jpg\" alt=\"\" width=\"200\" height=\"300\" srcset=\"https:\/\/og-schmitter.ch\/page\/wp-content\/uploads\/2025\/12\/Fredi-Spirig-2025-200x300.jpg 200w, https:\/\/og-schmitter.ch\/page\/wp-content\/uploads\/2025\/12\/Fredi-Spirig-2025-683x1024.jpg 683w, https:\/\/og-schmitter.ch\/page\/wp-content\/uploads\/2025\/12\/Fredi-Spirig-2025-768x1152.jpg 768w, https:\/\/og-schmitter.ch\/page\/wp-content\/uploads\/2025\/12\/Fredi-Spirig-2025-618x927.jpg 618w, https:\/\/og-schmitter.ch\/page\/wp-content\/uploads\/2025\/12\/Fredi-Spirig-2025-296x444.jpg 296w, https:\/\/og-schmitter.ch\/page\/wp-content\/uploads\/2025\/12\/Fredi-Spirig-2025-800x1200.jpg 800w, https:\/\/og-schmitter.ch\/page\/wp-content\/uploads\/2025\/12\/Fredi-Spirig-2025.jpg 1000w\" sizes=\"auto, (max-width: 200px) 100vw, 200px\" \/><br \/>\n<strong>Verwaltungsrat:<br \/>\n<\/strong>Alfred\u00a0Spirig<br \/>\n<img loading=\"lazy\" decoding=\"async\" class=\"alignnone size-full wp-image-2787\" src=\"https:\/\/og-schmitter.ch\/page\/wp-content\/uploads\/2017\/06\/Icon_Mail.png\" alt=\"\" width=\"18\" height=\"11\" \/>\u00a0<a href=\"mailto:pachtland@og-schmitter.ch\">pachtland@og-schmitter.ch<\/a><\/p><\/div>\n<div class='content-column one_half last_column'><p><img loading=\"lazy\" decoding=\"async\" class=\"alignnone size-medium wp-image-5530\" src=\"https:\/\/og-schmitter.ch\/page\/wp-content\/uploads\/2025\/12\/Remo-Spirig-2025-200x300.jpg\" alt=\"\" width=\"200\" height=\"300\" srcset=\"https:\/\/og-schmitter.ch\/page\/wp-content\/uploads\/2025\/12\/Remo-Spirig-2025-200x300.jpg 200w, https:\/\/og-schmitter.ch\/page\/wp-content\/uploads\/2025\/12\/Remo-Spirig-2025-683x1024.jpg 683w, https:\/\/og-schmitter.ch\/page\/wp-content\/uploads\/2025\/12\/Remo-Spirig-2025-768x1152.jpg 768w, https:\/\/og-schmitter.ch\/page\/wp-content\/uploads\/2025\/12\/Remo-Spirig-2025-618x927.jpg 618w, https:\/\/og-schmitter.ch\/page\/wp-content\/uploads\/2025\/12\/Remo-Spirig-2025-296x444.jpg 296w, https:\/\/og-schmitter.ch\/page\/wp-content\/uploads\/2025\/12\/Remo-Spirig-2025-800x1200.jpg 800w, https:\/\/og-schmitter.ch\/page\/wp-content\/uploads\/2025\/12\/Remo-Spirig-2025.jpg 1000w\" sizes=\"auto, (max-width: 200px) 100vw, 200px\" \/><br \/>\n<strong>Verwaltungsrat:<br \/>\n<\/strong>Remo Spirig-Ch\u00e9reau<br \/>\n<img loading=\"lazy\" decoding=\"async\" class=\"alignnone size-full wp-image-2787\" src=\"https:\/\/og-schmitter.ch\/page\/wp-content\/uploads\/2017\/06\/Icon_Mail.png\" alt=\"\" width=\"18\" height=\"11\" \/>\u00a0<a href=\"mailto:schmitterhof@og-schmitter.ch\">schmitterhof@og-schmitter.ch<\/a><\/p><\/div><div class='clear_column'><\/div>\n<div class='content-column one_half'><p><img loading=\"lazy\" decoding=\"async\" class=\"alignnone size-medium wp-image-5531\" src=\"https:\/\/og-schmitter.ch\/page\/wp-content\/uploads\/2025\/12\/Marcel-Zellweger-2025-200x300.jpg\" alt=\"\" width=\"200\" height=\"300\" srcset=\"https:\/\/og-schmitter.ch\/page\/wp-content\/uploads\/2025\/12\/Marcel-Zellweger-2025-200x300.jpg 200w, https:\/\/og-schmitter.ch\/page\/wp-content\/uploads\/2025\/12\/Marcel-Zellweger-2025-682x1024.jpg 682w, https:\/\/og-schmitter.ch\/page\/wp-content\/uploads\/2025\/12\/Marcel-Zellweger-2025-768x1153.jpg 768w, https:\/\/og-schmitter.ch\/page\/wp-content\/uploads\/2025\/12\/Marcel-Zellweger-2025-618x928.jpg 618w, https:\/\/og-schmitter.ch\/page\/wp-content\/uploads\/2025\/12\/Marcel-Zellweger-2025-296x444.jpg 296w, https:\/\/og-schmitter.ch\/page\/wp-content\/uploads\/2025\/12\/Marcel-Zellweger-2025-799x1200.jpg 799w, https:\/\/og-schmitter.ch\/page\/wp-content\/uploads\/2025\/12\/Marcel-Zellweger-2025.jpg 999w\" sizes=\"auto, (max-width: 200px) 100vw, 200px\" \/><br \/>\n<strong>Verwaltungsrat:<br \/>\n<\/strong>Marcel Zellweger<br \/>\n<img loading=\"lazy\" decoding=\"async\" class=\"alignnone size-full wp-image-2787\" src=\"https:\/\/og-schmitter.ch\/page\/wp-content\/uploads\/2017\/06\/Icon_Mail.png\" alt=\"\" width=\"18\" height=\"11\" \/>\u00a0<a href=\"mailto:forst@og-schmitter.ch\">forst@og-schmitter.ch<\/a><\/p><\/div>\n<div class='content-column one_half last_column'><\/div><div class='clear_column'><\/div>\n<hr \/>\n<div class='content-column one_half'><h3>Ratsschreiberin<\/h3>\n<p><img loading=\"lazy\" decoding=\"async\" class=\"alignnone size-medium wp-image-5532\" src=\"https:\/\/og-schmitter.ch\/page\/wp-content\/uploads\/2025\/12\/Janine-Sieber-2025-200x300.jpg\" alt=\"\" width=\"200\" height=\"300\" srcset=\"https:\/\/og-schmitter.ch\/page\/wp-content\/uploads\/2025\/12\/Janine-Sieber-2025-200x300.jpg 200w, https:\/\/og-schmitter.ch\/page\/wp-content\/uploads\/2025\/12\/Janine-Sieber-2025-682x1024.jpg 682w, https:\/\/og-schmitter.ch\/page\/wp-content\/uploads\/2025\/12\/Janine-Sieber-2025-768x1153.jpg 768w, https:\/\/og-schmitter.ch\/page\/wp-content\/uploads\/2025\/12\/Janine-Sieber-2025-618x928.jpg 618w, https:\/\/og-schmitter.ch\/page\/wp-content\/uploads\/2025\/12\/Janine-Sieber-2025-296x444.jpg 296w, https:\/\/og-schmitter.ch\/page\/wp-content\/uploads\/2025\/12\/Janine-Sieber-2025-799x1200.jpg 799w, https:\/\/og-schmitter.ch\/page\/wp-content\/uploads\/2025\/12\/Janine-Sieber-2025.jpg 999w\" sizes=\"auto, (max-width: 200px) 100vw, 200px\" \/><br \/>\nJanine Sieber-Zellweger<br \/>\n<img loading=\"lazy\" decoding=\"async\" class=\"alignnone size-full wp-image-2787\" src=\"https:\/\/og-schmitter.ch\/page\/wp-content\/uploads\/2017\/06\/Icon_Mail.png\" alt=\"\" width=\"18\" height=\"11\" \/>\u00a0<a href=\"mailto:sekretariat@og-schmitter.ch\">sekretariat@og-schmitter.ch<\/a><\/p><\/div>\n<div class='content-column one_half last_column'><h3>Kassierin<\/h3>\n<p><img loading=\"lazy\" decoding=\"async\" class=\"alignnone size-medium wp-image-5533\" src=\"https:\/\/og-schmitter.ch\/page\/wp-content\/uploads\/2025\/12\/Petra-Spirig-Kunz-2025-200x300.jpg\" alt=\"\" width=\"200\" height=\"300\" srcset=\"https:\/\/og-schmitter.ch\/page\/wp-content\/uploads\/2025\/12\/Petra-Spirig-Kunz-2025-200x300.jpg 200w, https:\/\/og-schmitter.ch\/page\/wp-content\/uploads\/2025\/12\/Petra-Spirig-Kunz-2025-682x1024.jpg 682w, https:\/\/og-schmitter.ch\/page\/wp-content\/uploads\/2025\/12\/Petra-Spirig-Kunz-2025-768x1153.jpg 768w, https:\/\/og-schmitter.ch\/page\/wp-content\/uploads\/2025\/12\/Petra-Spirig-Kunz-2025-618x928.jpg 618w, https:\/\/og-schmitter.ch\/page\/wp-content\/uploads\/2025\/12\/Petra-Spirig-Kunz-2025-296x444.jpg 296w, https:\/\/og-schmitter.ch\/page\/wp-content\/uploads\/2025\/12\/Petra-Spirig-Kunz-2025-799x1200.jpg 799w, https:\/\/og-schmitter.ch\/page\/wp-content\/uploads\/2025\/12\/Petra-Spirig-Kunz-2025.jpg 999w\" sizes=\"auto, (max-width: 200px) 100vw, 200px\" \/><br \/>\nPetra Spirig Kunz<br \/>\n<img loading=\"lazy\" decoding=\"async\" class=\"alignnone size-full wp-image-2787\" src=\"https:\/\/og-schmitter.ch\/page\/wp-content\/uploads\/2017\/06\/Icon_Mail.png\" alt=\"\" width=\"18\" height=\"11\" \/>\u00a0<a href=\"mailto:kassier@og-schmitter.ch\">kassier@og-schmitter.ch<\/a><\/p><\/div><div class='clear_column'><\/div>\n<p>&nbsp;<\/p>\n<hr \/>\n<h3>GPK<\/h3>\n<p>Lydia Schmid-Roth<br \/>\nClaudia Odermatt<br \/>\nMathias Weder<\/p>\n<hr \/>\n<h3>Stimmenz\u00e4hler<\/h3>\n<p>Petra Weder<br \/>\nSimon L\u00e4sser<br \/>\nBianca Gr\u00fcninger-Frei<br \/>\nMarlis Huber-Sieber<\/p>\n","protected":false},"excerpt":{"rendered":"<p>Ortsverwaltungsrat &nbsp; GPK Lydia Schmid-Roth Claudia Odermatt Mathias Weder Stimmenz\u00e4hler Petra Weder Simon L\u00e4sser Bianca Gr\u00fcninger-Frei Marlis Huber-Sieber<\/p>\n","protected":false},"author":1,"featured_media":2538,"parent":0,"menu_order":0,"comment_status":"closed","ping_status":"closed","template":"","meta":{"footnotes":""},"class_list":["post-2255","page","type-page","status-publish","has-post-thumbnail","hentry"],"_links":{"self":[{"href":"https:\/\/og-schmitter.ch\/page\/wp-json\/wp\/v2\/pages\/2255","targetHints":{"allow":["GET"]}}],"collection":[{"href":"https:\/\/og-schmitter.ch\/page\/wp-json\/wp\/v2\/pages"}],"about":[{"href":"https:\/\/og-schmitter.ch\/page\/wp-json\/wp\/v2\/types\/page"}],"author":[{"embeddable":true,"href":"https:\/\/og-schmitter.ch\/page\/wp-json\/wp\/v2\/users\/1"}],"replies":[{"embeddable":true,"href":"https:\/\/og-schmitter.ch\/page\/wp-json\/wp\/v2\/comments?post=2255"}],"version-history":[{"count":45,"href":"https:\/\/og-schmitter.ch\/page\/wp-json\/wp\/v2\/pages\/2255\/revisions"}],"predecessor-version":[{"id":5540,"href":"https:\/\/og-schmitter.ch\/page\/wp-json\/wp\/v2\/pages\/2255\/revisions\/5540"}],"wp:featuredmedia":[{"embeddable":true,"href":"https:\/\/og-schmitter.ch\/page\/wp-json\/wp\/v2\/media\/2538"}],"wp:attachment":[{"href":"https:\/\/og-schmitter.ch\/page\/wp-json\/wp\/v2\/media?parent=2255"}],"curies":[{"name":"wp","href":"https:\/\/api.w.org\/{rel}","templated":true}]}}