{"id":2187,"date":"2017-05-09T18:00:05","date_gmt":"2017-05-09T16:00:05","guid":{"rendered":"http:\/\/media5.ch\/ogs\/?page_id=2187"},"modified":"2017-05-09T18:00:05","modified_gmt":"2017-05-09T16:00:05","slug":"aus-der-geschichte-des-schmitterhofes","status":"publish","type":"page","link":"https:\/\/og-schmitter.ch\/page\/aus-der-geschichte-des-schmitterhofes\/","title":{"rendered":"Schmitterhof"},"content":{"rendered":"<p><img loading=\"lazy\" decoding=\"async\" class=\"alignnone wp-image-2014 size-full\" src=\"https:\/\/og-schmitter.ch\/page\/wp-content\/uploads\/2017\/05\/Schmitterhof-heute-e1494427216816.jpg\" alt=\"\" width=\"800\" height=\"450\" srcset=\"https:\/\/og-schmitter.ch\/page\/wp-content\/uploads\/2017\/05\/Schmitterhof-heute-e1494427216816.jpg 800w, https:\/\/og-schmitter.ch\/page\/wp-content\/uploads\/2017\/05\/Schmitterhof-heute-e1494427216816-300x169.jpg 300w, https:\/\/og-schmitter.ch\/page\/wp-content\/uploads\/2017\/05\/Schmitterhof-heute-e1494427216816-768x432.jpg 768w, https:\/\/og-schmitter.ch\/page\/wp-content\/uploads\/2017\/05\/Schmitterhof-heute-e1494427216816-618x348.jpg 618w, https:\/\/og-schmitter.ch\/page\/wp-content\/uploads\/2017\/05\/Schmitterhof-heute-e1494427216816-444x250.jpg 444w\" sizes=\"auto, (max-width: 800px) 100vw, 800px\" \/><br \/>\n<strong>Der Schmitterhof heute<\/strong><\/p>\n<h1>Aus der Geschichte des Schmitterhofes<\/h1>\n<p id=\"de_51_articletitle\">Das Tratten l\u00e4sst sich auf den ausgepr\u00e4gten Gemeinschaftssinn unserer Vorfahren, der Alemannen zur\u00fcckf\u00fchren. Diese stellten den Bewohnern ihrer H\u00f6fe, Schmitter war so eine alemannische Siedlung, einerseits Boden f\u00fcr die Eigenbewirtschaftung zur Verf\u00fcgung. Andererseits bewirtschaftete die Gemeinschaft der Siedlung geh\u00f6rendes Gemeingut. Ein solches Gemeingut waren z.B. W\u00e4lder und Viehweiden. Schon die Alemannen bestimmten einen Hirten, der das Vieh der Gemeinschaft auf die Weiden trieb.<\/p>\n<p>Jahrelang trieben zwei Hirten vom Fr\u00fchling bis zum Herbst zu bestimmten Zeiten t\u00e4glich zweimal das Vieh von Schmitter ca. 200 St\u00fcck, auf die Trattweide, im Volksmund Alp, hinaus. Mit dem Bau der Sommerstallungen im Jahre 1952 h\u00f6rte der t\u00e4gliche Auf- und Abtrieb des Viehs auf.<br \/>\nIm Jahr 1962 \u00fcbernahm Gottfried Kummer als P\u00e4chter die Stallungen. Im gleichen Jahr erstellte die Ortsgemeinde Schmitter das Wohnhaus.<\/p>\n<p>Der Schmitterhof ist heute mit Fabian Kummer in der dritten Generation an die Familie Kummer verpachtet.<\/p>\n<p><img loading=\"lazy\" decoding=\"async\" class=\"alignnone size-full wp-image-2013\" src=\"https:\/\/og-schmitter.ch\/page\/wp-content\/uploads\/2017\/05\/Schmitterhof-1963.jpg\" alt=\"\" width=\"800\" height=\"550\" srcset=\"https:\/\/og-schmitter.ch\/page\/wp-content\/uploads\/2017\/05\/Schmitterhof-1963.jpg 800w, https:\/\/og-schmitter.ch\/page\/wp-content\/uploads\/2017\/05\/Schmitterhof-1963-300x206.jpg 300w, https:\/\/og-schmitter.ch\/page\/wp-content\/uploads\/2017\/05\/Schmitterhof-1963-768x528.jpg 768w, https:\/\/og-schmitter.ch\/page\/wp-content\/uploads\/2017\/05\/Schmitterhof-1963-618x425.jpg 618w, https:\/\/og-schmitter.ch\/page\/wp-content\/uploads\/2017\/05\/Schmitterhof-1963-444x305.jpg 444w\" sizes=\"auto, (max-width: 800px) 100vw, 800px\" \/><br \/>\n<strong>Schitterhof um 1963<\/strong><\/p>\n<h3><\/h3>\n","protected":false},"excerpt":{"rendered":"<p>Der Schmitterhof heute Aus der Geschichte des Schmitterhofes Das Tratten l\u00e4sst sich auf den ausgepr\u00e4gten Gemeinschaftssinn unserer Vorfahren, der Alemannen zur\u00fcckf\u00fchren. Diese stellten den Bewohnern ihrer H\u00f6fe, Schmitter war so eine alemannische Siedlung, einerseits Boden f\u00fcr die Eigenbewirtschaftung zur Verf\u00fcgung. Andererseits bewirtschaftete die Gemeinschaft der Siedlung geh\u00f6rendes Gemeingut. Ein solches Gemeingut waren z.B. W\u00e4lder und [&hellip;]<\/p>\n","protected":false},"author":1,"featured_media":0,"parent":0,"menu_order":0,"comment_status":"closed","ping_status":"closed","template":"","meta":{"footnotes":""},"class_list":["post-2187","page","type-page","status-publish","hentry"],"_links":{"self":[{"href":"https:\/\/og-schmitter.ch\/page\/wp-json\/wp\/v2\/pages\/2187","targetHints":{"allow":["GET"]}}],"collection":[{"href":"https:\/\/og-schmitter.ch\/page\/wp-json\/wp\/v2\/pages"}],"about":[{"href":"https:\/\/og-schmitter.ch\/page\/wp-json\/wp\/v2\/types\/page"}],"author":[{"embeddable":true,"href":"https:\/\/og-schmitter.ch\/page\/wp-json\/wp\/v2\/users\/1"}],"replies":[{"embeddable":true,"href":"https:\/\/og-schmitter.ch\/page\/wp-json\/wp\/v2\/comments?post=2187"}],"version-history":[{"count":0,"href":"https:\/\/og-schmitter.ch\/page\/wp-json\/wp\/v2\/pages\/2187\/revisions"}],"wp:attachment":[{"href":"https:\/\/og-schmitter.ch\/page\/wp-json\/wp\/v2\/media?parent=2187"}],"curies":[{"name":"wp","href":"https:\/\/api.w.org\/{rel}","templated":true}]}}