{"id":2006,"date":"2017-05-04T15:49:16","date_gmt":"2017-05-04T13:49:16","guid":{"rendered":"http:\/\/media5.ch\/ogs\/?page_id=2006"},"modified":"2021-02-18T20:24:06","modified_gmt":"2021-02-18T19:24:06","slug":"aufgaben","status":"publish","type":"page","link":"https:\/\/og-schmitter.ch\/page\/aufgaben\/","title":{"rendered":"Aufgaben"},"content":{"rendered":"<h1 id=\"de_44_articletitle\"><img loading=\"lazy\" decoding=\"async\" class=\"alignnone size-large wp-image-2238\" src=\"https:\/\/og-schmitter.ch\/page\/wp-content\/uploads\/2017\/05\/Aufgaben-1-1024x630.jpg\" alt=\"\" width=\"1024\" height=\"630\" srcset=\"https:\/\/og-schmitter.ch\/page\/wp-content\/uploads\/2017\/05\/Aufgaben-1.jpg 1024w, https:\/\/og-schmitter.ch\/page\/wp-content\/uploads\/2017\/05\/Aufgaben-1-300x185.jpg 300w, https:\/\/og-schmitter.ch\/page\/wp-content\/uploads\/2017\/05\/Aufgaben-1-768x473.jpg 768w, https:\/\/og-schmitter.ch\/page\/wp-content\/uploads\/2017\/05\/Aufgaben-1-618x380.jpg 618w, https:\/\/og-schmitter.ch\/page\/wp-content\/uploads\/2017\/05\/Aufgaben-1-444x273.jpg 444w\" sizes=\"auto, (max-width: 1024px) 100vw, 1024px\" \/><\/h1>\n<h1 id=\"de_44_articletitle\">Aufgaben der Ortsgemeinde Schmitter<\/h1>\n<h3>Naturschutz\/\u00d6kologie<\/h3>\n<div id=\"de_44_1_chaptermaintext\" class=\"paragraph\">\n<p>Aufgrund des umfangreichen Bodenbesitzes, welcher auch extensiv genutzte Fl\u00e4chen umfasst, ist es eine wichtige Aufgabe der Ortsgemeinde, die Bev\u00f6lkerung und die Landwirte f\u00fcr natursch\u00fctzende Belange zu sensibilisieren. Dies geschieht durch die Unterst\u00fctzung von Projekten verschiedener Umweltgruppen. So wurden in den vergangenen Jahren verschiedene Renaturierungsprojekte realisiert und gef\u00f6rdert.<\/p>\n<p>Die Ortsgemeinde ist aber auch immer wieder selbst aktiv, so z.B. mit der Erstellung von Biotopen oder der Neuaufforstungen der ehemaligen Christbaumkulturen im Riet. Aber auch die Sensibilisierung der Jugend f\u00fcr die Sch\u00f6nheiten des Rietes ist der Ortsgemeinde ein Anliegen. Mit den zyklisch stattfindenden Sch\u00fclertagen f\u00fcr die Mittelstufe, organisiert von der Lehrerschaft und des Ortsverwaltungsrates, versuchen wir dies zu erreichen.<\/p>\n<\/div>\n<p>&nbsp;<\/p>\n<h3>F\u00f6rderung der Dorfgemeinschaft<\/h3>\n<div id=\"de_44_2_chaptermaintext\" class=\"paragraph\">Die Ortsgemeinde ist l\u00e4ngst nicht mehr nur die Gemeinschaft der Ortsb\u00fcrger, sondern sie erbringt Leistungen f\u00fcr die ganze Dorfgemeinschaft von Diepoldsau.<br \/>\nEine Ausnahme bildet die Ortsb\u00fcrgerversammlung, in Verbindung mit dem traditionellen und sehr gesch\u00e4tzten B\u00fcrgerabend.<br \/>\nAndererseits ist es seit langem selbstverst\u00e4ndlich, dass zu den Ortsgemeinde-Anl\u00e4ssen wie Rietbegehung, Christbaumverkauf usw. die gesamte Dorfbev\u00f6lkerung eingeladen ist.<br \/>\nDie Ortsgemeinde unterst\u00fctzt das \u00f6rtliche Kurs- und Weiterbildungswesen sowie Vereinsveranstaltungen und Dorfanl\u00e4sse allgemeiner Art.<\/div>\n<p>&nbsp;<\/p>\n<h3>Diepoldsauer Jugend<\/h3>\n<div id=\"de_44_3_chaptermaintext\" class=\"paragraph\">In unserer modernen und schnellebigen Zeit ist es f\u00fcr unsere jungen Mitb\u00fcrger wichtig, den Kontakt mit Gleichaltrigen ungezwungen pflegen zu k\u00f6nnen. Dies ist nebst den Jugendabteilungen im vielf\u00e4ltigen Vereinsleben, beispielsweise auch in den Angeboten des Jugendtreffs m\u00f6glich, welcher ebenfalls von der Ortsgemeinde mitgetragen wird.<br \/>\nMit dem im Jahr 2007 neuerstellten Kinderspielplatz \u201eSunnaschpilplatz\u201c erhalten unsere j\u00fcngsten Mitb\u00fcrger und ihre Eltern die Gelegenheit, Gemeinschaft im gr\u00f6sseren Rahmen zu pflegen und zu erleben.<\/div>\n<p>&nbsp;<\/p>\n<h3>Bodenpolitik<\/h3>\n<div id=\"de_44_4_chaptermaintext\" class=\"paragraph\">Auf dem Gebiet der politischen Gemeinde Diepoldsau sind rund 73 ha Boden im Eigentum der Ortsgemeinde Schmitter.<br \/>\nIm \u00f6sterreichischen Lustenau (s\u00fcdliches Schweizerriet) besitzt sie weitere Grundst\u00fccke im Umfang von rund 109 ha. Es ist nicht nur Aufgabe der Ortsgemeinde, diese G\u00fcter zu verwalten, sondern vielmehr diese sinnvoll zu nutzen. Nebst der \u00fcberwiegenden Verpachtung an die Landwirtschaft ist die Ortsgemeinde bestrebt, den Grundbesitz m\u00f6glichst \u00f6konomisch zu bewirtschaften. So wird u.a. Bauland f\u00fcr Wohn- und Gewerbebauten zur Verf\u00fcgung gestellt. Gleichzeitig soll dadurch die Unterst\u00fctzung von einheimischen Gewerbe- und Dienstleistungsbetrieben, die Ansiedlung neuer Betriebe und als weiteres Ziel die Schaffung von Arbeitspl\u00e4tzen gef\u00f6rdert werden.<\/div>\n","protected":false},"excerpt":{"rendered":"<p>Aufgaben der Ortsgemeinde Schmitter Naturschutz\/\u00d6kologie Aufgrund des umfangreichen Bodenbesitzes, welcher auch extensiv genutzte Fl\u00e4chen umfasst, ist es eine wichtige Aufgabe der Ortsgemeinde, die Bev\u00f6lkerung und die Landwirte f\u00fcr natursch\u00fctzende Belange zu sensibilisieren. Dies geschieht durch die Unterst\u00fctzung von Projekten verschiedener Umweltgruppen. So wurden in den vergangenen Jahren verschiedene Renaturierungsprojekte realisiert und gef\u00f6rdert. Die Ortsgemeinde ist [&hellip;]<\/p>\n","protected":false},"author":1,"featured_media":0,"parent":0,"menu_order":0,"comment_status":"closed","ping_status":"closed","template":"","meta":{"footnotes":""},"class_list":["post-2006","page","type-page","status-publish","hentry"],"_links":{"self":[{"href":"https:\/\/og-schmitter.ch\/page\/wp-json\/wp\/v2\/pages\/2006","targetHints":{"allow":["GET"]}}],"collection":[{"href":"https:\/\/og-schmitter.ch\/page\/wp-json\/wp\/v2\/pages"}],"about":[{"href":"https:\/\/og-schmitter.ch\/page\/wp-json\/wp\/v2\/types\/page"}],"author":[{"embeddable":true,"href":"https:\/\/og-schmitter.ch\/page\/wp-json\/wp\/v2\/users\/1"}],"replies":[{"embeddable":true,"href":"https:\/\/og-schmitter.ch\/page\/wp-json\/wp\/v2\/comments?post=2006"}],"version-history":[{"count":1,"href":"https:\/\/og-schmitter.ch\/page\/wp-json\/wp\/v2\/pages\/2006\/revisions"}],"predecessor-version":[{"id":4381,"href":"https:\/\/og-schmitter.ch\/page\/wp-json\/wp\/v2\/pages\/2006\/revisions\/4381"}],"wp:attachment":[{"href":"https:\/\/og-schmitter.ch\/page\/wp-json\/wp\/v2\/media?parent=2006"}],"curies":[{"name":"wp","href":"https:\/\/api.w.org\/{rel}","templated":true}]}}