{"id":1931,"date":"2017-05-04T15:17:20","date_gmt":"2017-05-04T13:17:20","guid":{"rendered":"http:\/\/media5.ch\/ogs\/?page_id=1931"},"modified":"2026-03-02T19:36:12","modified_gmt":"2026-03-02T18:36:12","slug":"herzlich-willkommen-bei-der-ortsgemeinde-schmitter","status":"publish","type":"page","link":"https:\/\/og-schmitter.ch\/page\/","title":{"rendered":"Herzlich Willkommen bei der Ortsgemeinde Schmitter"},"content":{"rendered":"<p><img loading=\"lazy\" decoding=\"async\" class=\"alignnone size-full wp-image-3670\" src=\"https:\/\/og-schmitter.ch\/page\/wp-content\/uploads\/2019\/04\/Christbaumkultur-2019.jpg\" alt=\"\" width=\"1500\" height=\"1125\" srcset=\"https:\/\/og-schmitter.ch\/page\/wp-content\/uploads\/2019\/04\/Christbaumkultur-2019.jpg 1500w, https:\/\/og-schmitter.ch\/page\/wp-content\/uploads\/2019\/04\/Christbaumkultur-2019-300x225.jpg 300w, https:\/\/og-schmitter.ch\/page\/wp-content\/uploads\/2019\/04\/Christbaumkultur-2019-768x576.jpg 768w, https:\/\/og-schmitter.ch\/page\/wp-content\/uploads\/2019\/04\/Christbaumkultur-2019-1024x768.jpg 1024w, https:\/\/og-schmitter.ch\/page\/wp-content\/uploads\/2019\/04\/Christbaumkultur-2019-1365x1024.jpg 1365w, https:\/\/og-schmitter.ch\/page\/wp-content\/uploads\/2019\/04\/Christbaumkultur-2019-618x464.jpg 618w, https:\/\/og-schmitter.ch\/page\/wp-content\/uploads\/2019\/04\/Christbaumkultur-2019-138x104.jpg 138w, https:\/\/og-schmitter.ch\/page\/wp-content\/uploads\/2019\/04\/Christbaumkultur-2019-444x333.jpg 444w\" sizes=\"auto, (max-width: 1500px) 100vw, 1500px\" \/><\/p>\n<p>Zur Ortsgemeinde Schmitter geh\u00f6ren alle Personen, welche das B\u00fcrgerrecht von Schmitter besitzen. Stimmberechtigt sind B\u00fcrgerInnen, die in Diepoldsau ihren Wohnsitz haben. Die Ortsgemeinde erhebt keine Steuern, sondern sie finanziert alle Aufgaben aus eigenen Mitteln. Damit bleibt sie politisch unabh\u00e4ngig.<\/p>\n<hr \/>\n<h1>ANL\u00c4SSE<\/h1>\n<p><strong>Samstag, 04. Juli 2026<\/strong><br \/>\nNeophytentag, Schweizerriet<\/p>\n<p><strong>Samstag, 22. August 2026<\/strong><br \/>\nRietbegehung<\/p>\n<p><strong>Samstag, 14. November 2026<\/strong><br \/>\nTannenastaktion, Rheinauenwald<\/p>\n<p><strong>Donnerstag, 03. Dezember 2026<\/strong><br \/>\nP\u00e4chterversammlung, Zentrum Rheinauen<\/p>\n<p><strong>Samstag, 19. Dezember 2026<\/strong><br \/>\nChristbaumverkauf, Rheinauenwald \/ ab 10.00 Uhr bis 15.00 Uhr<\/p>\n<p><strong>Freitag, 26. Februar 2027<\/strong><br \/>\nB\u00fcrgerversammlung, 19.00 Uhr, MZH Kirchenfeld<\/p>\n","protected":false},"excerpt":{"rendered":"<p>Zur Ortsgemeinde Schmitter geh\u00f6ren alle Personen, welche das B\u00fcrgerrecht von Schmitter besitzen. Stimmberechtigt sind B\u00fcrgerInnen, die in Diepoldsau ihren Wohnsitz haben. Die Ortsgemeinde erhebt keine Steuern, sondern sie finanziert alle Aufgaben aus eigenen Mitteln. Damit bleibt sie politisch unabh\u00e4ngig. ANL\u00c4SSE Samstag, 04. Juli 2026 Neophytentag, Schweizerriet Samstag, 22. August 2026 Rietbegehung Samstag, 14. November 2026 [&hellip;]<\/p>\n","protected":false},"author":1,"featured_media":2956,"parent":0,"menu_order":0,"comment_status":"closed","ping_status":"closed","template":"","meta":{"footnotes":""},"class_list":["post-1931","page","type-page","status-publish","has-post-thumbnail","hentry"],"_links":{"self":[{"href":"https:\/\/og-schmitter.ch\/page\/wp-json\/wp\/v2\/pages\/1931","targetHints":{"allow":["GET"]}}],"collection":[{"href":"https:\/\/og-schmitter.ch\/page\/wp-json\/wp\/v2\/pages"}],"about":[{"href":"https:\/\/og-schmitter.ch\/page\/wp-json\/wp\/v2\/types\/page"}],"author":[{"embeddable":true,"href":"https:\/\/og-schmitter.ch\/page\/wp-json\/wp\/v2\/users\/1"}],"replies":[{"embeddable":true,"href":"https:\/\/og-schmitter.ch\/page\/wp-json\/wp\/v2\/comments?post=1931"}],"version-history":[{"count":174,"href":"https:\/\/og-schmitter.ch\/page\/wp-json\/wp\/v2\/pages\/1931\/revisions"}],"predecessor-version":[{"id":5626,"href":"https:\/\/og-schmitter.ch\/page\/wp-json\/wp\/v2\/pages\/1931\/revisions\/5626"}],"wp:featuredmedia":[{"embeddable":true,"href":"https:\/\/og-schmitter.ch\/page\/wp-json\/wp\/v2\/media\/2956"}],"wp:attachment":[{"href":"https:\/\/og-schmitter.ch\/page\/wp-json\/wp\/v2\/media?parent=1931"}],"curies":[{"name":"wp","href":"https:\/\/api.w.org\/{rel}","templated":true}]}}